{"id":188,"date":"2019-05-04T04:00:32","date_gmt":"2019-05-04T04:00:32","guid":{"rendered":"http:\/\/dorfpark-adlerstein.de\/?page_id=188"},"modified":"2022-07-05T11:28:05","modified_gmt":"2022-07-05T11:28:05","slug":"test-page-2-2","status":"publish","type":"page","link":"https:\/\/dorfpark-adlerstein.de\/cs\/","title":{"rendered":"DORFPARK"},"content":{"rendered":"<p>[vc_row][vc_column][ucaddon_uc_starter_header image=&#8220;61&#8243; subheader=&#8220;O\u00e1za exkluzivn\u00ed relaxace&#8220; header=&#8220;DORF PARK&#8220; btn_text=&#8220;STA\u0147TE SE \u010cLENEM&#8220; link=&#8220;#popmake-382&#8243; uc_init_settings=&#8220;&#8220; uc_fonts_data=&#8220;JTdCJTIyc3ViaGVhZGVyJTIyJTNBJTdCJTIyZm9udC1mYW1pbHklMjIlM0ElMjJQYWxhdGlubyUyMExpbm90eXBlJTJDJTIwQm9vayUyMEFudGlxdWElMkMlMjBQYWxhdGlubyUyQyUyMHNlcmlmJTIyJTJDJTIyZm9udC13ZWlnaHQlMjIlM0ElMjJCb2xkJTIyJTJDJTIyZm9udC1zaXplJTIyJTNBJTIyMzZweCUyMiUyQyUyMm1vYmlsZS1zaXplJTIyJTNBJTIyMThweCUyMiU3RCUyQyUyMmJ0bl90ZXh0JTIyJTNBJTdCJTIyZm9udC1mYW1pbHklMjIlM0ElMjJQYWxhdGlubyUyMExpbm90eXBlJTJDJTIwQm9vayUyMEFudGlxdWElMkMlMjBQYWxhdGlubyUyQyUyMHNlcmlmJTIyJTJDJTIyZm9udC13ZWlnaHQlMjIlM0ElMjJCb2xkJTIyJTJDJTIyZm9udC1zaXplJTIyJTNBJTIyMThweCUyMiUyQyUyMmNvbG9yJTIyJTNBJTIyJTIzZGNjODM4JTIyJTdEJTdE&#8220;][vc_separator border_width=&#8220;3&#8243;][\/vc_column][\/vc_row][vc_row full_width=&#8220;stretch_row&#8220; equal_height=&#8220;yes&#8220; content_placement=&#8220;middle&#8220; css=&#8220;.vc_custom_1557035031838{margin-right: 50px !important;margin-left: 50px !important;}&#8220;][vc_column offset=&#8220;vc_hidden-md vc_hidden-sm vc_hidden-xs&#8220;][vc_column_text]<\/p>\n<p style=\"text-align: center;\"><span style=\"font-family: 'book antiqua', palatino, serif; font-size: 24pt;\">Dorfpark je modern\u00ed priv\u00e1tn\u00ed klub, kter\u00fd nab\u00edz\u00ed v\u0161e, co pat\u0159\u00ed k \u017eivotn\u00edmu stylu \u00fasp\u011b\u0161n\u00fdch:<\/span><\/p>\n<p>[\/vc_column_text][vc_custom_heading text=&#8220;ZDRAV\u00cd | OBCHOD | Z\u00c1BAVA&#8220; font_container=&#8220;tag:h1|font_size:52px|text_align:center&#8220;][\/vc_column][\/vc_row][vc_row][vc_column offset=&#8220;vc_hidden-lg&#8220;][vc_column_text]<\/p>\n<p style=\"text-align: center;\"><span style=\"font-family: 'book antiqua', palatino, serif; font-size: 14pt;\">Dorfpark je modern\u00ed priv\u00e1tn\u00ed klub, kter\u00fd nab\u00edz\u00ed v\u0161e, co pat\u0159\u00ed k \u017eivotn\u00edmu stylu \u00fasp\u011b\u0161n\u00fdch:<\/span><\/p>\n<p>[\/vc_column_text][vc_custom_heading text=&#8220;ZDRAV\u00cd | OBCHOD | Z\u00c1BAVA&#8220; font_container=&#8220;tag:h1|font_size:25px|text_align:center&#8220;][vc_separator border_width=&#8220;3&#8243;][\/vc_column][\/vc_row][vc_row][vc_column offset=&#8220;vc_hidden-lg vc_hidden-md vc_hidden-sm vc_hidden-xs&#8220;][vc_separator border_width=&#8220;3&#8243;][ucaddon_uc_elegant_carousel autoplay=&#8220;false&#8220; uc_items_data=&#8220;JTVCJTdCJTIydGl0bGUlMjIlM0ElMjJPdXRkb29yJTI2JTIwSW5kb29yJTIwUG9vbHMlMjIlMkMlMjJjb250ZW50JTIyJTNBJTIyVklQLUV4a2x1c2l2LVBvb2xzJTIwJTI2JTIwU2F1bmFsYW5kc2NoYWZ0JTIwZiVDMyVCQ3IlMjBNaXRnbGllZGVyJTIwaW4lMjBBZGxlcnN0ZWluJTIyJTJDJTIyYnRuX3RleHQlMjIlM0ElMjIlMjIlMkMlMjJpbWFnZSUyMiUzQSUyMmh0dHAlM0ElMkYlMkZkb3JmcGFyay1hZGxlcnN0ZWluLmRlJTJGd3AtY29udGVudCUyRnVwbG9hZHMlMkYyMDE5JTJGMDUlMkZwb29sLmpwZyUyMiUyQyUyMmJnX2NvbG9yJTIyJTNBJTIyJTIzZmZmZmZmJTIyJTJDJTIydGl0dGxlX2NvbG9yJTIyJTNBJTIyJTIzMTgxODE4JTIyJTJDJTIyY29udGVudF9jb2xvciUyMiUzQSUyMiUyMzhhOGE4YSUyMiUyQyUyMmxlZnRfYm9yZGVyJTIyJTNBJTIyJTIzMTgxODE4JTIyJTJDJTIyYnRuX2NvbG9yJTIyJTNBJTIyJTIzMTgxODE4JTIyJTJDJTIybGluayUyMiUzQSUyMiUyMyUyMiU3RCUyQyU3QiUyMnRpdGxlJTIyJTNBJTIyUHJpdmF0ZSUyMFlhY2h0JTIwSGFyYm9yJTIyJTJDJTIyY29udGVudCUyMiUzQSUyMkRpcmVjdCUyMGFjY2VzcyUyMHRvJTIweWFjaHQlMjBoYXJib3IlMjAlMjYlMjBleGNsdXNpdmUlMjBsb3VuZ2UlMjBiYXIlMjIlMkMlMjJidG5fdGV4dCUyMiUzQSUyMiUyMiUyQyUyMmltYWdlJTIyJTNBJTIyaHR0cCUzQSUyRiUyRmRvcmZwYXJrLWFkbGVyc3RlaW4uZGUlMkZ3cC1jb250ZW50JTJGdXBsb2FkcyUyRjIwMTklMkYwNSUyRnNlZXlhY2h0cy0xLmpwZyUyMiUyQyUyMmJnX2NvbG9yJTIyJTNBJTIyJTIzZmZmZmZmJTIyJTJDJTIydGl0dGxlX2NvbG9yJTIyJTNBJTIyJTIzMTgxODE4JTIyJTJDJTIyY29udGVudF9jb2xvciUyMiUzQSUyMiUyMzhhOGE4YSUyMiUyQyUyMmxlZnRfYm9yZGVyJTIyJTNBJTIyJTIzMTgxODE4JTIyJTJDJTIyYnRuX2NvbG9yJTIyJTNBJTIyJTIzMTgxODE4JTIyJTJDJTIybGluayUyMiUzQSUyMiUyMyUyMiU3RCUyQyU3QiUyMnRpdGxlJTIyJTNBJTIyRXhjbHVzaXZlJTIwZXZlbnQlMjBsb2NhdGlvbiUyMiUyQyUyMmNvbnRlbnQlMjIlM0ElMjJQZXJmZWN0JTIwTG9jYXRpb24lMjBmb3IlMjBleGNsdXNpdmUlMjBldmVudCUyMCUyNiUyMHBhcnR5JTIwJTIyJTJDJTIyYnRuX3RleHQlMjIlM0ElMjIlMjIlMkMlMjJpbWFnZSUyMiUzQSUyMndwLWNvbnRlbnQlMkZ1cGxvYWRzJTJGMjAxOSUyRjA1JTJGcGlua3Jvb20uanBnJTIyJTJDJTIyYmdfY29sb3IlMjIlM0ElMjIlMjNmZmZmZmYlMjIlMkMlMjJ0aXR0bGVfY29sb3IlMjIlM0ElMjIlMjMxODE4MTglMjIlMkMlMjJjb250ZW50X2NvbG9yJTIyJTNBJTIyJTIzOGE4YThhJTIyJTJDJTIybGVmdF9ib3JkZXIlMjIlM0ElMjIlMjMxODE4MTglMjIlMkMlMjJidG5fY29sb3IlMjIlM0ElMjIlMjMxODE4MTglMjIlMkMlMjJsaW5rJTIyJTNBJTIyJTIzJTIyJTdEJTVE&#8220; uc_fonts_data=&#8220;JTdCJTIydWNfaXRlbXNfYXR0cmlidXRlX3RpdGxlJTIyJTNBJTdCJTIyZm9udC1mYW1pbHklMjIlM0ElMjJNciUyMERlJTIwSGF2aWxhbmQlMjIlMkMlMjJmb250LXdlaWdodCUyMiUzQSUyMkJvbGQlMjIlMkMlMjJmb250LXNpemUlMjIlM0ElMjIzNHB4JTIyJTdEJTJDJTIydWNfaXRlbXNfYXR0cmlidXRlX2NvbnRlbnQlMjIlM0ElN0IlMjJmb250LWZhbWlseSUyMiUzQSUyMkFyaWFsJTJDJTIwSGVsdmV0aWNhJTJDJTIwc2Fucy1zZXJpZiUyMiUyQyUyMmZvbnQtc2l6ZSUyMiUzQSUyMjE2cHglMjIlN0QlN0Q=&#8220;][vc_separator border_width=&#8220;3&#8243;][\/vc_column][\/vc_row][vc_row full_width=&#8220;stretch_row&#8220;][vc_column][vc_separator border_width=&#8220;2&#8243;][\/vc_column][\/vc_row][vc_row full_width=&#8220;stretch_row_content&#8220; equal_height=&#8220;yes&#8220; content_placement=&#8220;middle&#8220;][vc_column width=&#8220;1\/3&#8243;][ucaddon_uc_image_carousel_content_box title=&#8220;VENKOVN\u00cd I VNIT\u0158N\u00cd BAZ\u00c9NY&#8220; image=&#8220;318&#8243; btn_text=&#8220;&#8220; uc_fonts_data=&#8220;JTdCJTdE&#8220;]VklQJTIwZXhrbHV6aXZuJUMzJUFEJTIwcCVDNSU5OSVDMyVBRHJvZG4lQzMlQUQlMjBiYXolQzMlQTlueSUyMHMlMjBwcmFtZW5pdG91JTIwdm9kb3U=[\/ucaddon_uc_image_carousel_content_box][\/vc_column][vc_column width=&#8220;1\/3&#8243;][ucaddon_uc_image_carousel_content_box title=&#8220;SOUKROM\u00dd P\u0158\u00cdSTAV PRO JACHTY&#8220; image=&#8220;319&#8243; btn_text=&#8220;&#8220; link=&#8220;&#8220; uc_fonts_data=&#8220;JTdCJTdE&#8220;]UCVDNSU5OSVDMyVBRG0lQzMlQkQlMjBwJUM1JTk5JUMzJUFEc3R1cCUyMGRvJTIwcCVDNSU5OSVDMyVBRHN0YXZ1JTIwYSUyMGV4a2x1eml2biVDMyVBRGhvJTIwYmFydSUwQQ==[\/ucaddon_uc_image_carousel_content_box][\/vc_column][vc_column width=&#8220;1\/3&#8243;][ucaddon_uc_image_carousel_content_box title=&#8220;EXKLUZIVN\u00cd M\u00cdSTO&#8220; image=&#8220;194&#8243; btn_text=&#8220;&#8220; uc_fonts_data=&#8220;JTdCJTdE&#8220;]SWRlJUMzJUExbG4lQzMlQUQlMjBtJUMzJUFEc3RvJTIwcHJvJTIwVklQJTIwYWtjZSUyMGElMjBvc2xhdnk=[\/ucaddon_uc_image_carousel_content_box][\/vc_column][\/vc_row][vc_row full_width=&#8220;stretch_row&#8220;][vc_column][vc_separator border_width=&#8220;2&#8243;][\/vc_column][\/vc_row][vc_row full_width=&#8220;stretch_row&#8220;][vc_column width=&#8220;1\/2&#8243;][ucaddon_uc_starter_team_member border_color=&#8220;#ffffff&#8220; designation=&#8220;&#8220; name=&#8220;VIP KLUB JEN PRO \u010cLENY&#8220; iamge=&#8220;254&#8243;][\/ucaddon_uc_starter_team_member][ucaddon_uc_starter_team_member border_color=&#8220;#ffffff&#8220; designation=&#8220;&#8220; name=&#8220;JSME TU PRO V\u00c1S NONSTOP&#8220; iamge=&#8220;253&#8243;][\/ucaddon_uc_starter_team_member][\/vc_column][vc_column width=&#8220;1\/2&#8243;][ucaddon_uc_starter_team_member border_color=&#8220;#ffffff&#8220; designation=&#8220;&#8220; name=&#8220;OCHRANA SOUKROM\u00cd&#8220; iamge=&#8220;252&#8243;][\/ucaddon_uc_starter_team_member][ucaddon_uc_starter_team_member border_color=&#8220;#ffffff&#8220; designation=&#8220;&#8220; name=&#8220;ROZ\u0160I\u0158TE SV\u00c9 OBCHODN\u00cd KONTAKTY&#8220; iamge=&#8220;251&#8243;][\/ucaddon_uc_starter_team_member][\/vc_column][\/vc_row][vc_row full_width=&#8220;stretch_row&#8220;][vc_column][vc_separator border_width=&#8220;2&#8243;][\/vc_column][\/vc_row][vc_row full_width=&#8220;stretch_row&#8220;][vc_column width=&#8220;1\/2&#8243;][vc_single_image image=&#8220;119&#8243; img_size=&#8220;large&#8220; alignment=&#8220;center&#8220;][\/vc_column][vc_column width=&#8220;1\/2&#8243;][vc_single_image image=&#8220;193&#8243; img_size=&#8220;large&#8220; alignment=&#8220;center&#8220;][\/vc_column][\/vc_row][vc_row full_width=&#8220;stretch_row&#8220;][vc_column][ucaddon_uc_border_footer icon_bg_color=&#8220;#000000&#8243; uc_fonts_data=&#8220;JTdCJTdE&#8220;]RG9yZiUyMFBhcmslMkMlMEFBZGxlcnN0ZWlu[\/ucaddon_uc_border_footer][\/vc_column][\/vc_row]<\/p>\n","protected":false},"excerpt":{"rendered":"<p>[vc_row][vc_column][ucaddon_uc_starter_header image=&#8220;61&#8243; subheader=&#8220;O\u00e1za exkluzivn\u00ed relaxace&#8220; header=&#8220;DORF PARK&#8220; btn_text=&#8220;STA\u0147TE SE \u010cLENEM&#8220; link=&#8220;#popmake-382&#8243; uc_init_settings=&#8220;&#8220; uc_fonts_data=&#8220;JTdCJTIyc3ViaGVhZGVyJTIyJTNBJTdCJTIyZm9udC1mYW1pbHklMjIlM0ElMjJQYWxhdGlubyUyMExpbm90eXBlJTJDJTIwQm9vayUyMEFudGlxdWElMkMlMjBQYWxhdGlubyUyQyUyMHNlcmlmJTIyJTJDJTIyZm9udC13ZWlnaHQlMjIlM0ElMjJCb2xkJTIyJTJDJTIyZm9udC1zaXplJTIyJTNBJTIyMzZweCUyMiUyQyUyMm1vYmlsZS1zaXplJTIyJTNBJTIyMThweCUyMiU3RCUyQyUyMmJ0bl90ZXh0JTIyJTNBJTdCJTIyZm9udC1mYW1pbHklMjIlM0ElMjJQYWxhdGlubyUyMExpbm90eXBlJTJDJTIwQm9vayUyMEFudGlxdWElMkMlMjBQYWxhdGlubyUyQyUyMHNlcmlmJTIyJTJDJTIyZm9udC13ZWlnaHQlMjIlM0ElMjJCb2xkJTIyJTJDJTIyZm9udC1zaXplJTIyJTNBJTIyMThweCUyMiUyQyUyMmNvbG9yJTIyJTNBJTIyJTIzZGNjODM4JTIyJTdEJTdE&#8220;][vc_separator border_width=&#8220;3&#8243;][\/vc_column][\/vc_row][vc_row full_width=&#8220;stretch_row&#8220; equal_height=&#8220;yes&#8220; content_placement=&#8220;middle&#8220; css=&#8220;.vc_custom_1557035031838{margin-right: 50px !important;margin-left: 50px !important;}&#8220;][vc_column offset=&#8220;vc_hidden-md vc_hidden-sm vc_hidden-xs&#8220;][vc_column_text] Dorfpark je modern\u00ed priv\u00e1tn\u00ed klub, [&hellip;]<\/p>\n","protected":false},"author":1,"featured_media":0,"parent":0,"menu_order":0,"comment_status":"closed","ping_status":"closed","template":"template-page-builder.php","meta":{"footnotes":""},"class_list":["post-188","page","type-page","status-publish","hentry"],"yoast_head":"<!-- This site is optimized with the Yoast SEO plugin v27.5 - https:\/\/yoast.com\/product\/yoast-seo-wordpress\/ -->\n<title>DORFPARK<\/title>\n<meta name=\"robots\" content=\"noindex, follow, max-snippet:-1, max-image-preview:large, max-video-preview:-1\" \/>\n<meta property=\"og:locale\" content=\"cs_CZ\" \/>\n<meta property=\"og:locale:alternate\" content=\"en_US\" \/>\n<meta property=\"og:locale:alternate\" content=\"de_DE\" \/>\n<meta property=\"og:locale:alternate\" content=\"fr_FR\" \/>\n<meta property=\"og:type\" content=\"article\" \/>\n<meta property=\"og:title\" content=\"DORFPARK\" \/>\n<meta property=\"og:description\" content=\"[vc_row][vc_column][ucaddon_uc_starter_header image=&#8220;61&#8243; subheader=&#8220;O\u00e1za exkluzivn\u00ed relaxace&#8220; header=&#8220;DORF PARK&#8220; btn_text=&#8220;STA\u0147TE SE \u010cLENEM&#8220; link=&#8220;#popmake-382&#8243; uc_init_settings=&#8220;&#8220; uc_fonts_data=&#8220;JTdCJTIyc3ViaGVhZGVyJTIyJTNBJTdCJTIyZm9udC1mYW1pbHklMjIlM0ElMjJQYWxhdGlubyUyMExpbm90eXBlJTJDJTIwQm9vayUyMEFudGlxdWElMkMlMjBQYWxhdGlubyUyQyUyMHNlcmlmJTIyJTJDJTIyZm9udC13ZWlnaHQlMjIlM0ElMjJCb2xkJTIyJTJDJTIyZm9udC1zaXplJTIyJTNBJTIyMzZweCUyMiUyQyUyMm1vYmlsZS1zaXplJTIyJTNBJTIyMThweCUyMiU3RCUyQyUyMmJ0bl90ZXh0JTIyJTNBJTdCJTIyZm9udC1mYW1pbHklMjIlM0ElMjJQYWxhdGlubyUyMExpbm90eXBlJTJDJTIwQm9vayUyMEFudGlxdWElMkMlMjBQYWxhdGlubyUyQyUyMHNlcmlmJTIyJTJDJTIyZm9udC13ZWlnaHQlMjIlM0ElMjJCb2xkJTIyJTJDJTIyZm9udC1zaXplJTIyJTNBJTIyMThweCUyMiUyQyUyMmNvbG9yJTIyJTNBJTIyJTIzZGNjODM4JTIyJTdEJTdE&#8220;][vc_separator border_width=&#8220;3&#8243;][\/vc_column][\/vc_row][vc_row full_width=&#8220;stretch_row&#8220; equal_height=&#8220;yes&#8220; content_placement=&#8220;middle&#8220; css=&#8220;.vc_custom_1557035031838{margin-right: 50px !important;margin-left: 50px !important;}&#8220;][vc_column offset=&#8220;vc_hidden-md vc_hidden-sm vc_hidden-xs&#8220;][vc_column_text] Dorfpark je modern\u00ed priv\u00e1tn\u00ed klub, [&hellip;]\" \/>\n<meta property=\"og:url\" content=\"https:\/\/dorfpark-adlerstein.de\/cs\/\" \/>\n<meta property=\"og:site_name\" content=\"Dorfpark Adlerstein\" \/>\n<meta property=\"article:modified_time\" content=\"2022-07-05T11:28:05+00:00\" \/>\n<meta name=\"twitter:card\" content=\"summary_large_image\" \/>\n<meta name=\"twitter:label1\" content=\"Odhadovan\u00e1 doba \u010dten\u00ed\" \/>\n\t<meta name=\"twitter:data1\" content=\"1 minuta\" \/>\n<script type=\"application\/ld+json\" class=\"yoast-schema-graph\">{\"@context\":\"https:\\\/\\\/schema.org\",\"@graph\":[{\"@type\":\"WebPage\",\"@id\":\"https:\\\/\\\/dorfpark-adlerstein.de\\\/cs\\\/\",\"url\":\"https:\\\/\\\/dorfpark-adlerstein.de\\\/cs\\\/\",\"name\":\"DORFPARK\",\"isPartOf\":{\"@id\":\"https:\\\/\\\/dorfpark-adlerstein.de\\\/en\\\/#website\"},\"datePublished\":\"2019-05-04T04:00:32+00:00\",\"dateModified\":\"2022-07-05T11:28:05+00:00\",\"breadcrumb\":{\"@id\":\"https:\\\/\\\/dorfpark-adlerstein.de\\\/cs\\\/#breadcrumb\"},\"inLanguage\":\"cs-CZ\",\"potentialAction\":[{\"@type\":\"ReadAction\",\"target\":[\"https:\\\/\\\/dorfpark-adlerstein.de\\\/cs\\\/\"]}]},{\"@type\":\"BreadcrumbList\",\"@id\":\"https:\\\/\\\/dorfpark-adlerstein.de\\\/cs\\\/#breadcrumb\",\"itemListElement\":[{\"@type\":\"ListItem\",\"position\":1,\"name\":\"Home\",\"item\":\"https:\\\/\\\/dorfpark-adlerstein.de\\\/cs\\\/\"},{\"@type\":\"ListItem\",\"position\":2,\"name\":\"DORFPARK\"}]},{\"@type\":\"WebSite\",\"@id\":\"https:\\\/\\\/dorfpark-adlerstein.de\\\/en\\\/#website\",\"url\":\"https:\\\/\\\/dorfpark-adlerstein.de\\\/en\\\/\",\"name\":\"Dorfpark Adlerstein\",\"description\":\"Eine Oase der Exklusive Entspannung\",\"potentialAction\":[{\"@type\":\"SearchAction\",\"target\":{\"@type\":\"EntryPoint\",\"urlTemplate\":\"https:\\\/\\\/dorfpark-adlerstein.de\\\/en\\\/?s={search_term_string}\"},\"query-input\":{\"@type\":\"PropertyValueSpecification\",\"valueRequired\":true,\"valueName\":\"search_term_string\"}}],\"inLanguage\":\"cs-CZ\"}]}<\/script>\n<!-- \/ Yoast SEO plugin. -->","yoast_head_json":{"title":"DORFPARK","robots":{"index":"noindex","follow":"follow","max-snippet":"max-snippet:-1","max-image-preview":"max-image-preview:large","max-video-preview":"max-video-preview:-1"},"og_locale":"cs_CZ","og_type":"article","og_title":"[:en]VILLAGE PARK[:de]DORFPARK[:fr]DORFPARK[:cs]DORFPARK[:] - Dorfpark Adlerstein","og_description":"[vc_row][vc_column][ucaddon_uc_starter_header image=&#8220;61&#8243; subheader=&#8220;O\u00e1za exkluzivn\u00ed relaxace&#8220; header=&#8220;DORF PARK&#8220; btn_text=&#8220;STA\u0147TE SE \u010cLENEM&#8220; link=&#8220;#popmake-382&#8243; uc_init_settings=&#8220;&#8220; uc_fonts_data=&#8220;JTdCJTIyc3ViaGVhZGVyJTIyJTNBJTdCJTIyZm9udC1mYW1pbHklMjIlM0ElMjJQYWxhdGlubyUyMExpbm90eXBlJTJDJTIwQm9vayUyMEFudGlxdWElMkMlMjBQYWxhdGlubyUyQyUyMHNlcmlmJTIyJTJDJTIyZm9udC13ZWlnaHQlMjIlM0ElMjJCb2xkJTIyJTJDJTIyZm9udC1zaXplJTIyJTNBJTIyMzZweCUyMiUyQyUyMm1vYmlsZS1zaXplJTIyJTNBJTIyMThweCUyMiU3RCUyQyUyMmJ0bl90ZXh0JTIyJTNBJTdCJTIyZm9udC1mYW1pbHklMjIlM0ElMjJQYWxhdGlubyUyMExpbm90eXBlJTJDJTIwQm9vayUyMEFudGlxdWElMkMlMjBQYWxhdGlubyUyQyUyMHNlcmlmJTIyJTJDJTIyZm9udC13ZWlnaHQlMjIlM0ElMjJCb2xkJTIyJTJDJTIyZm9udC1zaXplJTIyJTNBJTIyMThweCUyMiUyQyUyMmNvbG9yJTIyJTNBJTIyJTIzZGNjODM4JTIyJTdEJTdE&#8220;][vc_separator border_width=&#8220;3&#8243;][\/vc_column][\/vc_row][vc_row full_width=&#8220;stretch_row&#8220; equal_height=&#8220;yes&#8220; content_placement=&#8220;middle&#8220; css=&#8220;.vc_custom_1557035031838{margin-right: 50px !important;margin-left: 50px !important;}&#8220;][vc_column offset=&#8220;vc_hidden-md vc_hidden-sm vc_hidden-xs&#8220;][vc_column_text] Dorfpark je modern\u00ed priv\u00e1tn\u00ed klub, [&hellip;]","og_url":"https:\/\/dorfpark-adlerstein.de\/cs\/","og_site_name":"Dorfpark Adlerstein","article_modified_time":"2022-07-05T11:28:05+00:00","twitter_card":"summary_large_image","twitter_misc":{"Odhadovan\u00e1 doba \u010dten\u00ed":"1 minuta"},"schema":{"@context":"https:\/\/schema.org","@graph":[{"@type":"WebPage","@id":"https:\/\/dorfpark-adlerstein.de\/cs\/","url":"https:\/\/dorfpark-adlerstein.de\/cs\/","name":"DORFPARK","isPartOf":{"@id":"https:\/\/dorfpark-adlerstein.de\/en\/#website"},"datePublished":"2019-05-04T04:00:32+00:00","dateModified":"2022-07-05T11:28:05+00:00","breadcrumb":{"@id":"https:\/\/dorfpark-adlerstein.de\/cs\/#breadcrumb"},"inLanguage":"cs-CZ","potentialAction":[{"@type":"ReadAction","target":["https:\/\/dorfpark-adlerstein.de\/cs\/"]}]},{"@type":"BreadcrumbList","@id":"https:\/\/dorfpark-adlerstein.de\/cs\/#breadcrumb","itemListElement":[{"@type":"ListItem","position":1,"name":"Home","item":"https:\/\/dorfpark-adlerstein.de\/cs\/"},{"@type":"ListItem","position":2,"name":"DORFPARK"}]},{"@type":"WebSite","@id":"https:\/\/dorfpark-adlerstein.de\/en\/#website","url":"https:\/\/dorfpark-adlerstein.de\/en\/","name":"Dorfpark Adlerstein","description":"Eine Oase der Exklusive Entspannung","potentialAction":[{"@type":"SearchAction","target":{"@type":"EntryPoint","urlTemplate":"https:\/\/dorfpark-adlerstein.de\/en\/?s={search_term_string}"},"query-input":{"@type":"PropertyValueSpecification","valueRequired":true,"valueName":"search_term_string"}}],"inLanguage":"cs-CZ"}]}},"_links":{"self":[{"href":"https:\/\/dorfpark-adlerstein.de\/cs\/wp-json\/wp\/v2\/pages\/188","targetHints":{"allow":["GET"]}}],"collection":[{"href":"https:\/\/dorfpark-adlerstein.de\/cs\/wp-json\/wp\/v2\/pages"}],"about":[{"href":"https:\/\/dorfpark-adlerstein.de\/cs\/wp-json\/wp\/v2\/types\/page"}],"author":[{"embeddable":true,"href":"https:\/\/dorfpark-adlerstein.de\/cs\/wp-json\/wp\/v2\/users\/1"}],"replies":[{"embeddable":true,"href":"https:\/\/dorfpark-adlerstein.de\/cs\/wp-json\/wp\/v2\/comments?post=188"}],"version-history":[{"count":116,"href":"https:\/\/dorfpark-adlerstein.de\/cs\/wp-json\/wp\/v2\/pages\/188\/revisions"}],"predecessor-version":[{"id":190,"href":"https:\/\/dorfpark-adlerstein.de\/cs\/wp-json\/wp\/v2\/pages\/188\/revisions\/190"}],"wp:attachment":[{"href":"https:\/\/dorfpark-adlerstein.de\/cs\/wp-json\/wp\/v2\/media?parent=188"}],"curies":[{"name":"wp","href":"https:\/\/api.w.org\/{rel}","templated":true}]}}