{"id":188,"date":"2019-05-04T04:00:32","date_gmt":"2019-05-04T04:00:32","guid":{"rendered":"http:\/\/dorfpark-adlerstein.de\/?page_id=188"},"modified":"2022-07-05T11:28:05","modified_gmt":"2022-07-05T11:28:05","slug":"test-page-2-2","status":"publish","type":"page","link":"https:\/\/dorfpark-adlerstein.de\/fr\/","title":{"rendered":"DORFPARK"},"content":{"rendered":"<p>[vc_row][vc_column][ucaddon_uc_starter_header image=&#8221;61&#8243; subheader=&#8221;Une oasis de d\u00e9tente et de bien-\u00eatre&#8221; header=&#8221;DORFPARK&#8221; btn_text=&#8221;DEVENIR MEMBRE&#8221; link=&#8221;#popmake-373&#8243; uc_init_settings=&#8221;&#8221; uc_fonts_data=&#8221;JTdCJTIyc3ViaGVhZGVyJTIyJTNBJTdCJTIyZm9udC1mYW1pbHklMjIlM0ElMjJQYWxhdGlubyUyMExpbm90eXBlJTJDJTIwQm9vayUyMEFudGlxdWElMkMlMjBQYWxhdGlubyUyQyUyMHNlcmlmJTIyJTJDJTIyZm9udC13ZWlnaHQlMjIlM0ElMjJCb2xkJTIyJTJDJTIyZm9udC1zaXplJTIyJTNBJTIyMzZweCUyMiUyQyUyMm1vYmlsZS1zaXplJTIyJTNBJTIyMThweCUyMiU3RCUyQyUyMmJ0bl90ZXh0JTIyJTNBJTdCJTIyZm9udC1mYW1pbHklMjIlM0ElMjJQYWxhdGlubyUyMExpbm90eXBlJTJDJTIwQm9vayUyMEFudGlxdWElMkMlMjBQYWxhdGlubyUyQyUyMHNlcmlmJTIyJTJDJTIyZm9udC13ZWlnaHQlMjIlM0ElMjJCb2xkJTIyJTJDJTIyZm9udC1zaXplJTIyJTNBJTIyMThweCUyMiUyQyUyMmNvbG9yJTIyJTNBJTIyJTIzZGNjODM4JTIyJTdEJTdE&#8221;][vc_separator border_width=&#8221;3&#8243;][\/vc_column][\/vc_row][vc_row full_width=&#8221;stretch_row&#8221; equal_height=&#8221;yes&#8221; content_placement=&#8221;middle&#8221; css=&#8221;.vc_custom_1557035031838{margin-right: 50px !important;margin-left: 50px !important;}&#8221;][vc_column offset=&#8221;vc_hidden-md vc_hidden-sm vc_hidden-xs&#8221;][vc_column_text]<\/p>\n<p style=\"text-align: center;\"><span style=\"font-family: 'book antiqua', palatino, serif; font-size: 24pt;\">Dorfpark est un club priv\u00e9 innovant bas\u00e9 sur trois \u00e9l\u00e9ments cl\u00e9s de la r\u00e9ussite, personnelle comme professionnelle :<\/span><\/p>\n<p>[\/vc_column_text][vc_custom_heading text=&#8221;SANT\u00c9 | BUSINESS | DIVERTISSEMENT&#8221; font_container=&#8221;tag:h1|font_size:52px|text_align:center&#8221;][\/vc_column][\/vc_row][vc_row][vc_column offset=&#8221;vc_hidden-lg&#8221;][vc_column_text]<\/p>\n<p style=\"text-align: center;\"><span style=\"font-family: 'book antiqua', palatino, serif; font-size: 14pt;\">Dorfpark est un club priv\u00e9 innovant bas\u00e9 sur trois \u00e9l\u00e9ments cl\u00e9s de la r\u00e9ussite, personnelle comme professionnelle:<\/span><\/p>\n<p>[\/vc_column_text][vc_custom_heading text=&#8221;SANT\u00c9 | BUSINESS | DIVERTISSEMENT&#8221; font_container=&#8221;tag:h1|font_size:25px|text_align:center&#8221;][vc_separator border_width=&#8221;3&#8243;][\/vc_column][\/vc_row][vc_row][vc_column offset=&#8221;vc_hidden-lg vc_hidden-md vc_hidden-sm vc_hidden-xs&#8221;][vc_separator border_width=&#8221;3&#8243;][ucaddon_uc_elegant_carousel autoplay=&#8221;false&#8221; uc_items_data=&#8221;JTVCJTdCJTIydGl0bGUlMjIlM0ElMjJPdXRkb29yJTI2JTIwSW5kb29yJTIwUG9vbHMlMjIlMkMlMjJjb250ZW50JTIyJTNBJTIyVklQLUV4a2x1c2l2LVBvb2xzJTIwJTI2JTIwU2F1bmFsYW5kc2NoYWZ0JTIwZiVDMyVCQ3IlMjBNaXRnbGllZGVyJTIwaW4lMjBBZGxlcnN0ZWluJTIyJTJDJTIyYnRuX3RleHQlMjIlM0ElMjIlMjIlMkMlMjJpbWFnZSUyMiUzQSUyMmh0dHAlM0ElMkYlMkZkb3JmcGFyay1hZGxlcnN0ZWluLmRlJTJGd3AtY29udGVudCUyRnVwbG9hZHMlMkYyMDE5JTJGMDUlMkZwb29sLmpwZyUyMiUyQyUyMmJnX2NvbG9yJTIyJTNBJTIyJTIzZmZmZmZmJTIyJTJDJTIydGl0dGxlX2NvbG9yJTIyJTNBJTIyJTIzMTgxODE4JTIyJTJDJTIyY29udGVudF9jb2xvciUyMiUzQSUyMiUyMzhhOGE4YSUyMiUyQyUyMmxlZnRfYm9yZGVyJTIyJTNBJTIyJTIzMTgxODE4JTIyJTJDJTIyYnRuX2NvbG9yJTIyJTNBJTIyJTIzMTgxODE4JTIyJTJDJTIybGluayUyMiUzQSUyMiUyMyUyMiU3RCUyQyU3QiUyMnRpdGxlJTIyJTNBJTIyUHJpdmF0ZSUyMFlhY2h0JTIwSGFyYm9yJTIyJTJDJTIyY29udGVudCUyMiUzQSUyMkRpcmVjdCUyMGFjY2VzcyUyMHRvJTIweWFjaHQlMjBoYXJib3IlMjAlMjYlMjBleGNsdXNpdmUlMjBsb3VuZ2UlMjBiYXIlMjIlMkMlMjJidG5fdGV4dCUyMiUzQSUyMiUyMiUyQyUyMmltYWdlJTIyJTNBJTIyaHR0cCUzQSUyRiUyRmRvcmZwYXJrLWFkbGVyc3RlaW4uZGUlMkZ3cC1jb250ZW50JTJGdXBsb2FkcyUyRjIwMTklMkYwNSUyRnNlZXlhY2h0cy0xLmpwZyUyMiUyQyUyMmJnX2NvbG9yJTIyJTNBJTIyJTIzZmZmZmZmJTIyJTJDJTIydGl0dGxlX2NvbG9yJTIyJTNBJTIyJTIzMTgxODE4JTIyJTJDJTIyY29udGVudF9jb2xvciUyMiUzQSUyMiUyMzhhOGE4YSUyMiUyQyUyMmxlZnRfYm9yZGVyJTIyJTNBJTIyJTIzMTgxODE4JTIyJTJDJTIyYnRuX2NvbG9yJTIyJTNBJTIyJTIzMTgxODE4JTIyJTJDJTIybGluayUyMiUzQSUyMiUyMyUyMiU3RCUyQyU3QiUyMnRpdGxlJTIyJTNBJTIyRXhjbHVzaXZlJTIwZXZlbnQlMjBsb2NhdGlvbiUyMiUyQyUyMmNvbnRlbnQlMjIlM0ElMjJQZXJmZWN0JTIwTG9jYXRpb24lMjBmb3IlMjBleGNsdXNpdmUlMjBldmVudCUyMCUyNiUyMHBhcnR5JTIwJTIyJTJDJTIyYnRuX3RleHQlMjIlM0ElMjIlMjIlMkMlMjJpbWFnZSUyMiUzQSUyMndwLWNvbnRlbnQlMkZ1cGxvYWRzJTJGMjAxOSUyRjA1JTJGcGlua3Jvb20uanBnJTIyJTJDJTIyYmdfY29sb3IlMjIlM0ElMjIlMjNmZmZmZmYlMjIlMkMlMjJ0aXR0bGVfY29sb3IlMjIlM0ElMjIlMjMxODE4MTglMjIlMkMlMjJjb250ZW50X2NvbG9yJTIyJTNBJTIyJTIzOGE4YThhJTIyJTJDJTIybGVmdF9ib3JkZXIlMjIlM0ElMjIlMjMxODE4MTglMjIlMkMlMjJidG5fY29sb3IlMjIlM0ElMjIlMjMxODE4MTglMjIlMkMlMjJsaW5rJTIyJTNBJTIyJTIzJTIyJTdEJTVE&#8221; uc_fonts_data=&#8221;JTdCJTIydWNfaXRlbXNfYXR0cmlidXRlX3RpdGxlJTIyJTNBJTdCJTIyZm9udC1mYW1pbHklMjIlM0ElMjJNciUyMERlJTIwSGF2aWxhbmQlMjIlMkMlMjJmb250LXdlaWdodCUyMiUzQSUyMkJvbGQlMjIlMkMlMjJmb250LXNpemUlMjIlM0ElMjIzNHB4JTIyJTdEJTJDJTIydWNfaXRlbXNfYXR0cmlidXRlX2NvbnRlbnQlMjIlM0ElN0IlMjJmb250LWZhbWlseSUyMiUzQSUyMkFyaWFsJTJDJTIwSGVsdmV0aWNhJTJDJTIwc2Fucy1zZXJpZiUyMiUyQyUyMmZvbnQtc2l6ZSUyMiUzQSUyMjE2cHglMjIlN0QlN0Q=&#8221;][vc_separator border_width=&#8221;3&#8243;][\/vc_column][\/vc_row][vc_row full_width=&#8221;stretch_row&#8221;][vc_column][vc_separator border_width=&#8221;2&#8243;][\/vc_column][\/vc_row][vc_row full_width=&#8221;stretch_row_content&#8221; equal_height=&#8221;yes&#8221; content_placement=&#8221;middle&#8221;][vc_column width=&#8221;1\/3&#8243;][ucaddon_uc_image_carousel_content_box title=&#8221;PISCINES INT\u00c9RIEURES ET EXT\u00c9RIEURES&#8221; image=&#8221;318&#8243; btn_text=&#8221;&#8221; uc_fonts_data=&#8221;JTdCJTdE&#8221;]QmFzc2lucyUyMG5hdHVyZWxzJTIwZXhjbHVzaWZzJTIwVklQJTIwJUMzJUEwJTIwbCVFMiU4MCU5OWVhdSUyMG1pbiVDMyVBOXJhbGU=[\/ucaddon_uc_image_carousel_content_box][\/vc_column][vc_column width=&#8221;1\/3&#8243;][ucaddon_uc_image_carousel_content_box title=&#8221;QUAI PRIVATIF&#8221; image=&#8221;319&#8243; btn_text=&#8221;&#8221; link=&#8221;&#8221; uc_fonts_data=&#8221;JTdCJTdE&#8221;]QXZlYyUyMGFjYyVDMyVBOHMlMjBkaXJlY3QlMjAlQzMlQTAlMjBsYSUyMG1hcmluYSUyMGV0JTIwYXUlMjBiYXIlMjBkdSUyMGNsdWI=[\/ucaddon_uc_image_carousel_content_box][\/vc_column][vc_column width=&#8221;1\/3&#8243;][ucaddon_uc_image_carousel_content_box title=&#8221;SALLE DE R\u00c9CEPTION PRIVATIVE&#8221; image=&#8221;194&#8243; btn_text=&#8221;&#8221; uc_fonts_data=&#8221;JTdCJTdE&#8221;]TGUlMjBsaWV1JTIwaWQlQzMlQTlhbCUyMHBvdXIlMjB2b3MlMjAlQzMlQTl2JUMzJUE4bmVtZW50cyUyMGV4Y2x1c2lmcyUyMGV0JTIwdm9zJTIwZiVDMyVBQXRlcw==[\/ucaddon_uc_image_carousel_content_box][\/vc_column][\/vc_row][vc_row full_width=&#8221;stretch_row&#8221;][vc_column][vc_separator border_width=&#8221;2&#8243;][\/vc_column][\/vc_row][vc_row full_width=&#8221;stretch_row&#8221;][vc_column width=&#8221;1\/2&#8243;][ucaddon_uc_starter_team_member border_color=&#8221;#ffffff&#8221; designation=&#8221;&#8221; name=&#8221;CLUB VIP R\u00c9SERV\u00c9 AUX MEMBRES&#8221; iamge=&#8221;254&#8243;][\/ucaddon_uc_starter_team_member][ucaddon_uc_starter_team_member border_color=&#8221;#ffffff&#8221; designation=&#8221;&#8221; name=&#8221;OUVERT 24H\/24 POUR VOUS&#8221; iamge=&#8221;253&#8243;][\/ucaddon_uc_starter_team_member][\/vc_column][vc_column width=&#8221;1\/2&#8243;][ucaddon_uc_starter_team_member border_color=&#8221;#ffffff&#8221; designation=&#8221;&#8221; name=&#8221;PROTECTION DE LA VIE PRIV\u00c9E&#8221; iamge=&#8221;252&#8243;][\/ucaddon_uc_starter_team_member][ucaddon_uc_starter_team_member border_color=&#8221;#ffffff&#8221; designation=&#8221;&#8221; name=&#8221;DE NOUVELLES PERSPECTIVES BUSINESS&#8221; iamge=&#8221;251&#8243;][\/ucaddon_uc_starter_team_member][\/vc_column][\/vc_row][vc_row full_width=&#8221;stretch_row&#8221;][vc_column][vc_separator border_width=&#8221;2&#8243;][\/vc_column][\/vc_row][vc_row full_width=&#8221;stretch_row&#8221;][vc_column width=&#8221;1\/2&#8243;][vc_single_image image=&#8221;119&#8243; img_size=&#8221;large&#8221; alignment=&#8221;center&#8221;][\/vc_column][vc_column width=&#8221;1\/2&#8243;][vc_single_image image=&#8221;193&#8243; img_size=&#8221;large&#8221; alignment=&#8221;center&#8221;][\/vc_column][\/vc_row][vc_row full_width=&#8221;stretch_row&#8221;][vc_column][ucaddon_uc_border_footer icon_bg_color=&#8221;#000000&#8243; uc_fonts_data=&#8221;JTdCJTdE&#8221;]RG9yZiUyMFBhcmslMkMlMEFBZGxlcnN0ZWlu[\/ucaddon_uc_border_footer][\/vc_column][\/vc_row]<\/p>\n","protected":false},"excerpt":{"rendered":"<p>[vc_row][vc_column][ucaddon_uc_starter_header image=&#8221;61&#8243; subheader=&#8221;Une oasis de d\u00e9tente et de bien-\u00eatre&#8221; header=&#8221;DORFPARK&#8221; btn_text=&#8221;DEVENIR MEMBRE&#8221; link=&#8221;#popmake-373&#8243; uc_init_settings=&#8221;&#8221; uc_fonts_data=&#8221;JTdCJTIyc3ViaGVhZGVyJTIyJTNBJTdCJTIyZm9udC1mYW1pbHklMjIlM0ElMjJQYWxhdGlubyUyMExpbm90eXBlJTJDJTIwQm9vayUyMEFudGlxdWElMkMlMjBQYWxhdGlubyUyQyUyMHNlcmlmJTIyJTJDJTIyZm9udC13ZWlnaHQlMjIlM0ElMjJCb2xkJTIyJTJDJTIyZm9udC1zaXplJTIyJTNBJTIyMzZweCUyMiUyQyUyMm1vYmlsZS1zaXplJTIyJTNBJTIyMThweCUyMiU3RCUyQyUyMmJ0bl90ZXh0JTIyJTNBJTdCJTIyZm9udC1mYW1pbHklMjIlM0ElMjJQYWxhdGlubyUyMExpbm90eXBlJTJDJTIwQm9vayUyMEFudGlxdWElMkMlMjBQYWxhdGlubyUyQyUyMHNlcmlmJTIyJTJDJTIyZm9udC13ZWlnaHQlMjIlM0ElMjJCb2xkJTIyJTJDJTIyZm9udC1zaXplJTIyJTNBJTIyMThweCUyMiUyQyUyMmNvbG9yJTIyJTNBJTIyJTIzZGNjODM4JTIyJTdEJTdE&#8221;][vc_separator border_width=&#8221;3&#8243;][\/vc_column][\/vc_row][vc_row full_width=&#8221;stretch_row&#8221; equal_height=&#8221;yes&#8221; content_placement=&#8221;middle&#8221; css=&#8221;.vc_custom_1557035031838{margin-right: 50px !important;margin-left: 50px !important;}&#8221;][vc_column offset=&#8221;vc_hidden-md vc_hidden-sm vc_hidden-xs&#8221;][vc_column_text] Dorfpark est un [&hellip;]<\/p>\n","protected":false},"author":1,"featured_media":0,"parent":0,"menu_order":0,"comment_status":"closed","ping_status":"closed","template":"template-page-builder.php","meta":{"footnotes":""},"class_list":["post-188","page","type-page","status-publish","hentry"],"yoast_head":"<!-- This site is optimized with the Yoast SEO plugin v27.5 - https:\/\/yoast.com\/product\/yoast-seo-wordpress\/ -->\n<title>DORFPARK<\/title>\n<meta name=\"robots\" content=\"noindex, follow, max-snippet:-1, max-image-preview:large, max-video-preview:-1\" \/>\n<meta property=\"og:locale\" content=\"en_US\" \/>\n<meta property=\"og:locale:alternate\" content=\"en_US\" \/>\n<meta property=\"og:locale:alternate\" content=\"de_DE\" \/>\n<meta property=\"og:locale:alternate\" content=\"cz_CZ\" \/>\n<meta property=\"og:type\" content=\"article\" \/>\n<meta property=\"og:title\" content=\"DORFPARK\" \/>\n<meta property=\"og:description\" content=\"[vc_row][vc_column][ucaddon_uc_starter_header image=&#8221;61&#8243; subheader=&#8221;Une oasis de d\u00e9tente et de bien-\u00eatre&#8221; header=&#8221;DORFPARK&#8221; btn_text=&#8221;DEVENIR MEMBRE&#8221; link=&#8221;#popmake-373&#8243; uc_init_settings=&#8221;&#8221; uc_fonts_data=&#8221;JTdCJTIyc3ViaGVhZGVyJTIyJTNBJTdCJTIyZm9udC1mYW1pbHklMjIlM0ElMjJQYWxhdGlubyUyMExpbm90eXBlJTJDJTIwQm9vayUyMEFudGlxdWElMkMlMjBQYWxhdGlubyUyQyUyMHNlcmlmJTIyJTJDJTIyZm9udC13ZWlnaHQlMjIlM0ElMjJCb2xkJTIyJTJDJTIyZm9udC1zaXplJTIyJTNBJTIyMzZweCUyMiUyQyUyMm1vYmlsZS1zaXplJTIyJTNBJTIyMThweCUyMiU3RCUyQyUyMmJ0bl90ZXh0JTIyJTNBJTdCJTIyZm9udC1mYW1pbHklMjIlM0ElMjJQYWxhdGlubyUyMExpbm90eXBlJTJDJTIwQm9vayUyMEFudGlxdWElMkMlMjBQYWxhdGlubyUyQyUyMHNlcmlmJTIyJTJDJTIyZm9udC13ZWlnaHQlMjIlM0ElMjJCb2xkJTIyJTJDJTIyZm9udC1zaXplJTIyJTNBJTIyMThweCUyMiUyQyUyMmNvbG9yJTIyJTNBJTIyJTIzZGNjODM4JTIyJTdEJTdE&#8221;][vc_separator border_width=&#8221;3&#8243;][\/vc_column][\/vc_row][vc_row full_width=&#8221;stretch_row&#8221; equal_height=&#8221;yes&#8221; content_placement=&#8221;middle&#8221; css=&#8221;.vc_custom_1557035031838{margin-right: 50px !important;margin-left: 50px !important;}&#8221;][vc_column offset=&#8221;vc_hidden-md vc_hidden-sm vc_hidden-xs&#8221;][vc_column_text] Dorfpark est un [&hellip;]\" \/>\n<meta property=\"og:url\" content=\"https:\/\/dorfpark-adlerstein.de\/fr\/\" \/>\n<meta property=\"og:site_name\" content=\"Dorfpark Adlerstein\" \/>\n<meta property=\"article:modified_time\" content=\"2022-07-05T11:28:05+00:00\" \/>\n<meta name=\"twitter:card\" content=\"summary_large_image\" \/>\n<meta name=\"twitter:label1\" content=\"Est. reading time\" \/>\n\t<meta name=\"twitter:data1\" content=\"1 minute\" \/>\n<script type=\"application\/ld+json\" class=\"yoast-schema-graph\">{\"@context\":\"https:\\\/\\\/schema.org\",\"@graph\":[{\"@type\":\"WebPage\",\"@id\":\"https:\\\/\\\/dorfpark-adlerstein.de\\\/cs\\\/\",\"url\":\"https:\\\/\\\/dorfpark-adlerstein.de\\\/cs\\\/\",\"name\":\"DORFPARK\",\"isPartOf\":{\"@id\":\"https:\\\/\\\/dorfpark-adlerstein.de\\\/en\\\/#website\"},\"datePublished\":\"2019-05-04T04:00:32+00:00\",\"dateModified\":\"2022-07-05T11:28:05+00:00\",\"breadcrumb\":{\"@id\":\"https:\\\/\\\/dorfpark-adlerstein.de\\\/cs\\\/#breadcrumb\"},\"inLanguage\":\"en-US\",\"potentialAction\":[{\"@type\":\"ReadAction\",\"target\":[\"https:\\\/\\\/dorfpark-adlerstein.de\\\/cs\\\/\"]}]},{\"@type\":\"BreadcrumbList\",\"@id\":\"https:\\\/\\\/dorfpark-adlerstein.de\\\/cs\\\/#breadcrumb\",\"itemListElement\":[{\"@type\":\"ListItem\",\"position\":1,\"name\":\"Home\",\"item\":\"https:\\\/\\\/dorfpark-adlerstein.de\\\/cs\\\/\"},{\"@type\":\"ListItem\",\"position\":2,\"name\":\"DORFPARK\"}]},{\"@type\":\"WebSite\",\"@id\":\"https:\\\/\\\/dorfpark-adlerstein.de\\\/en\\\/#website\",\"url\":\"https:\\\/\\\/dorfpark-adlerstein.de\\\/en\\\/\",\"name\":\"Dorfpark Adlerstein\",\"description\":\"Eine Oase der Exklusive Entspannung\",\"potentialAction\":[{\"@type\":\"SearchAction\",\"target\":{\"@type\":\"EntryPoint\",\"urlTemplate\":\"https:\\\/\\\/dorfpark-adlerstein.de\\\/en\\\/?s={search_term_string}\"},\"query-input\":{\"@type\":\"PropertyValueSpecification\",\"valueRequired\":true,\"valueName\":\"search_term_string\"}}],\"inLanguage\":\"en-US\"}]}<\/script>\n<!-- \/ Yoast SEO plugin. -->","yoast_head_json":{"title":"DORFPARK","robots":{"index":"noindex","follow":"follow","max-snippet":"max-snippet:-1","max-image-preview":"max-image-preview:large","max-video-preview":"max-video-preview:-1"},"og_locale":"en_US","og_type":"article","og_title":"[:en]VILLAGE PARK[:de]DORFPARK[:fr]DORFPARK[:cs]DORFPARK[:] - Dorfpark Adlerstein","og_description":"[vc_row][vc_column][ucaddon_uc_starter_header image=&#8221;61&#8243; subheader=&#8221;Une oasis de d\u00e9tente et de bien-\u00eatre&#8221; header=&#8221;DORFPARK&#8221; btn_text=&#8221;DEVENIR MEMBRE&#8221; link=&#8221;#popmake-373&#8243; uc_init_settings=&#8221;&#8221; uc_fonts_data=&#8221;JTdCJTIyc3ViaGVhZGVyJTIyJTNBJTdCJTIyZm9udC1mYW1pbHklMjIlM0ElMjJQYWxhdGlubyUyMExpbm90eXBlJTJDJTIwQm9vayUyMEFudGlxdWElMkMlMjBQYWxhdGlubyUyQyUyMHNlcmlmJTIyJTJDJTIyZm9udC13ZWlnaHQlMjIlM0ElMjJCb2xkJTIyJTJDJTIyZm9udC1zaXplJTIyJTNBJTIyMzZweCUyMiUyQyUyMm1vYmlsZS1zaXplJTIyJTNBJTIyMThweCUyMiU3RCUyQyUyMmJ0bl90ZXh0JTIyJTNBJTdCJTIyZm9udC1mYW1pbHklMjIlM0ElMjJQYWxhdGlubyUyMExpbm90eXBlJTJDJTIwQm9vayUyMEFudGlxdWElMkMlMjBQYWxhdGlubyUyQyUyMHNlcmlmJTIyJTJDJTIyZm9udC13ZWlnaHQlMjIlM0ElMjJCb2xkJTIyJTJDJTIyZm9udC1zaXplJTIyJTNBJTIyMThweCUyMiUyQyUyMmNvbG9yJTIyJTNBJTIyJTIzZGNjODM4JTIyJTdEJTdE&#8221;][vc_separator border_width=&#8221;3&#8243;][\/vc_column][\/vc_row][vc_row full_width=&#8221;stretch_row&#8221; equal_height=&#8221;yes&#8221; content_placement=&#8221;middle&#8221; css=&#8221;.vc_custom_1557035031838{margin-right: 50px !important;margin-left: 50px !important;}&#8221;][vc_column offset=&#8221;vc_hidden-md vc_hidden-sm vc_hidden-xs&#8221;][vc_column_text] Dorfpark est un [&hellip;]","og_url":"https:\/\/dorfpark-adlerstein.de\/fr\/","og_site_name":"Dorfpark Adlerstein","article_modified_time":"2022-07-05T11:28:05+00:00","twitter_card":"summary_large_image","twitter_misc":{"Est. reading time":"1 minute"},"schema":{"@context":"https:\/\/schema.org","@graph":[{"@type":"WebPage","@id":"https:\/\/dorfpark-adlerstein.de\/cs\/","url":"https:\/\/dorfpark-adlerstein.de\/cs\/","name":"DORFPARK","isPartOf":{"@id":"https:\/\/dorfpark-adlerstein.de\/en\/#website"},"datePublished":"2019-05-04T04:00:32+00:00","dateModified":"2022-07-05T11:28:05+00:00","breadcrumb":{"@id":"https:\/\/dorfpark-adlerstein.de\/cs\/#breadcrumb"},"inLanguage":"en-US","potentialAction":[{"@type":"ReadAction","target":["https:\/\/dorfpark-adlerstein.de\/cs\/"]}]},{"@type":"BreadcrumbList","@id":"https:\/\/dorfpark-adlerstein.de\/cs\/#breadcrumb","itemListElement":[{"@type":"ListItem","position":1,"name":"Home","item":"https:\/\/dorfpark-adlerstein.de\/cs\/"},{"@type":"ListItem","position":2,"name":"DORFPARK"}]},{"@type":"WebSite","@id":"https:\/\/dorfpark-adlerstein.de\/en\/#website","url":"https:\/\/dorfpark-adlerstein.de\/en\/","name":"Dorfpark Adlerstein","description":"Eine Oase der Exklusive Entspannung","potentialAction":[{"@type":"SearchAction","target":{"@type":"EntryPoint","urlTemplate":"https:\/\/dorfpark-adlerstein.de\/en\/?s={search_term_string}"},"query-input":{"@type":"PropertyValueSpecification","valueRequired":true,"valueName":"search_term_string"}}],"inLanguage":"en-US"}]}},"_links":{"self":[{"href":"https:\/\/dorfpark-adlerstein.de\/fr\/wp-json\/wp\/v2\/pages\/188","targetHints":{"allow":["GET"]}}],"collection":[{"href":"https:\/\/dorfpark-adlerstein.de\/fr\/wp-json\/wp\/v2\/pages"}],"about":[{"href":"https:\/\/dorfpark-adlerstein.de\/fr\/wp-json\/wp\/v2\/types\/page"}],"author":[{"embeddable":true,"href":"https:\/\/dorfpark-adlerstein.de\/fr\/wp-json\/wp\/v2\/users\/1"}],"replies":[{"embeddable":true,"href":"https:\/\/dorfpark-adlerstein.de\/fr\/wp-json\/wp\/v2\/comments?post=188"}],"version-history":[{"count":116,"href":"https:\/\/dorfpark-adlerstein.de\/fr\/wp-json\/wp\/v2\/pages\/188\/revisions"}],"predecessor-version":[{"id":190,"href":"https:\/\/dorfpark-adlerstein.de\/fr\/wp-json\/wp\/v2\/pages\/188\/revisions\/190"}],"wp:attachment":[{"href":"https:\/\/dorfpark-adlerstein.de\/fr\/wp-json\/wp\/v2\/media?parent=188"}],"curies":[{"name":"wp","href":"https:\/\/api.w.org\/{rel}","templated":true}]}}